{"id":2469,"date":"2025-04-14T17:17:23","date_gmt":"2025-04-14T15:17:23","guid":{"rendered":"https:\/\/www.pamies.eu\/politica-de-privacidad\/"},"modified":"2026-02-18T12:20:53","modified_gmt":"2026-02-18T11:20:53","slug":"politica-de-privacitat","status":"publish","type":"page","link":"https:\/\/www.pamies.eu\/ca\/politica-de-privacitat\/","title":{"rendered":"Pol\u00edtica de Privacitat"},"content":{"rendered":"","protected":false},"excerpt":{"rendered":"","protected":false},"author":1,"featured_media":0,"parent":0,"menu_order":0,"comment_status":"closed","ping_status":"closed","template":"","meta":{"footnotes":""},"class_list":["post-2469","page","type-page","status-publish","hentry"],"yoast_head":"<!-- This site is optimized with the Yoast SEO plugin v27.0 - https:\/\/yoast.com\/product\/yoast-seo-wordpress\/ -->\n<title>Pol\u00edtica de Privacitat - P\u00e0mies<\/title>\n<meta name=\"robots\" content=\"index, follow, max-snippet:-1, max-image-preview:large, max-video-preview:-1\" \/>\n<link rel=\"canonical\" href=\"https:\/\/www.pamies.eu\/ca\/politica-de-privacitat\/\" \/>\n<meta property=\"og:locale\" content=\"ca_ES\" \/>\n<meta property=\"og:type\" content=\"article\" \/>\n<meta property=\"og:title\" content=\"Pol\u00edtica de Privacitat - P\u00e0mies\" \/>\n<meta property=\"og:url\" content=\"https:\/\/www.pamies.eu\/ca\/politica-de-privacitat\/\" \/>\n<meta property=\"og:site_name\" content=\"P\u00e0mies\" \/>\n<meta property=\"article:modified_time\" content=\"2026-02-18T11:20:53+00:00\" \/>\n<meta name=\"twitter:card\" content=\"summary_large_image\" \/>\n<script type=\"application\/ld+json\" class=\"yoast-schema-graph\">{\"@context\":\"https:\/\/schema.org\",\"@graph\":[{\"@type\":\"WebPage\",\"@id\":\"https:\/\/www.pamies.eu\/ca\/politica-de-privacitat\/\",\"url\":\"https:\/\/www.pamies.eu\/ca\/politica-de-privacitat\/\",\"name\":\"Pol\u00edtica de Privacitat - P\u00e0mies\",\"isPartOf\":{\"@id\":\"https:\/\/www.pamies.eu\/ca\/#website\"},\"datePublished\":\"2025-04-14T15:17:23+00:00\",\"dateModified\":\"2026-02-18T11:20:53+00:00\",\"breadcrumb\":{\"@id\":\"https:\/\/www.pamies.eu\/ca\/politica-de-privacitat\/#breadcrumb\"},\"inLanguage\":\"ca\",\"potentialAction\":[{\"@type\":\"ReadAction\",\"target\":[\"https:\/\/www.pamies.eu\/ca\/politica-de-privacitat\/\"]}]},{\"@type\":\"BreadcrumbList\",\"@id\":\"https:\/\/www.pamies.eu\/ca\/politica-de-privacitat\/#breadcrumb\",\"itemListElement\":[{\"@type\":\"ListItem\",\"position\":1,\"name\":\"Home\",\"item\":\"https:\/\/www.pamies.eu\/ca\/inici\/\"},{\"@type\":\"ListItem\",\"position\":2,\"name\":\"Pol\u00edtica de Privacitat\"}]},{\"@type\":\"WebSite\",\"@id\":\"https:\/\/www.pamies.eu\/ca\/#website\",\"url\":\"https:\/\/www.pamies.eu\/ca\/\",\"name\":\"P\u00e0mies\",\"description\":\"P\u00e0mies Representacions, expertos en intermediaci\u00f3n del Comercio De Muebles, Art\u00edculos Para El Hogar Y Ferreter\u00eda\",\"publisher\":{\"@id\":\"https:\/\/www.pamies.eu\/ca\/#organization\"},\"potentialAction\":[{\"@type\":\"SearchAction\",\"target\":{\"@type\":\"EntryPoint\",\"urlTemplate\":\"https:\/\/www.pamies.eu\/ca\/?s={search_term_string}\"},\"query-input\":{\"@type\":\"PropertyValueSpecification\",\"valueRequired\":true,\"valueName\":\"search_term_string\"}}],\"inLanguage\":\"ca\"},{\"@type\":\"Organization\",\"@id\":\"https:\/\/www.pamies.eu\/ca\/#organization\",\"name\":\"P\u00e0mies Representacions\",\"url\":\"https:\/\/www.pamies.eu\/ca\/\",\"logo\":{\"@type\":\"ImageObject\",\"inLanguage\":\"ca\",\"@id\":\"https:\/\/www.pamies.eu\/ca\/#\/schema\/logo\/image\/\",\"url\":\"https:\/\/www.pamies.eu\/wp-content\/uploads\/2024\/10\/logo.jpg\",\"contentUrl\":\"https:\/\/www.pamies.eu\/wp-content\/uploads\/2024\/10\/logo.jpg\",\"width\":376,\"height\":197,\"caption\":\"P\u00e0mies Representacions\"},\"image\":{\"@id\":\"https:\/\/www.pamies.eu\/ca\/#\/schema\/logo\/image\/\"}}]}<\/script>\n<!-- \/ Yoast SEO plugin. -->","yoast_head_json":{"title":"Pol\u00edtica de Privacitat - P\u00e0mies","robots":{"index":"index","follow":"follow","max-snippet":"max-snippet:-1","max-image-preview":"max-image-preview:large","max-video-preview":"max-video-preview:-1"},"canonical":"https:\/\/www.pamies.eu\/ca\/politica-de-privacitat\/","og_locale":"ca_ES","og_type":"article","og_title":"Pol\u00edtica de Privacitat - P\u00e0mies","og_url":"https:\/\/www.pamies.eu\/ca\/politica-de-privacitat\/","og_site_name":"P\u00e0mies","article_modified_time":"2026-02-18T11:20:53+00:00","twitter_card":"summary_large_image","schema":{"@context":"https:\/\/schema.org","@graph":[{"@type":"WebPage","@id":"https:\/\/www.pamies.eu\/ca\/politica-de-privacitat\/","url":"https:\/\/www.pamies.eu\/ca\/politica-de-privacitat\/","name":"Pol\u00edtica de Privacitat - P\u00e0mies","isPartOf":{"@id":"https:\/\/www.pamies.eu\/ca\/#website"},"datePublished":"2025-04-14T15:17:23+00:00","dateModified":"2026-02-18T11:20:53+00:00","breadcrumb":{"@id":"https:\/\/www.pamies.eu\/ca\/politica-de-privacitat\/#breadcrumb"},"inLanguage":"ca","potentialAction":[{"@type":"ReadAction","target":["https:\/\/www.pamies.eu\/ca\/politica-de-privacitat\/"]}]},{"@type":"BreadcrumbList","@id":"https:\/\/www.pamies.eu\/ca\/politica-de-privacitat\/#breadcrumb","itemListElement":[{"@type":"ListItem","position":1,"name":"Home","item":"https:\/\/www.pamies.eu\/ca\/inici\/"},{"@type":"ListItem","position":2,"name":"Pol\u00edtica de Privacitat"}]},{"@type":"WebSite","@id":"https:\/\/www.pamies.eu\/ca\/#website","url":"https:\/\/www.pamies.eu\/ca\/","name":"P\u00e0mies","description":"P\u00e0mies Representacions, expertos en intermediaci\u00f3n del Comercio De Muebles, Art\u00edculos Para El Hogar Y Ferreter\u00eda","publisher":{"@id":"https:\/\/www.pamies.eu\/ca\/#organization"},"potentialAction":[{"@type":"SearchAction","target":{"@type":"EntryPoint","urlTemplate":"https:\/\/www.pamies.eu\/ca\/?s={search_term_string}"},"query-input":{"@type":"PropertyValueSpecification","valueRequired":true,"valueName":"search_term_string"}}],"inLanguage":"ca"},{"@type":"Organization","@id":"https:\/\/www.pamies.eu\/ca\/#organization","name":"P\u00e0mies Representacions","url":"https:\/\/www.pamies.eu\/ca\/","logo":{"@type":"ImageObject","inLanguage":"ca","@id":"https:\/\/www.pamies.eu\/ca\/#\/schema\/logo\/image\/","url":"https:\/\/www.pamies.eu\/wp-content\/uploads\/2024\/10\/logo.jpg","contentUrl":"https:\/\/www.pamies.eu\/wp-content\/uploads\/2024\/10\/logo.jpg","width":376,"height":197,"caption":"P\u00e0mies Representacions"},"image":{"@id":"https:\/\/www.pamies.eu\/ca\/#\/schema\/logo\/image\/"}}]}},"_links":{"self":[{"href":"https:\/\/www.pamies.eu\/ca\/wp-json\/wp\/v2\/pages\/2469","targetHints":{"allow":["GET"]}}],"collection":[{"href":"https:\/\/www.pamies.eu\/ca\/wp-json\/wp\/v2\/pages"}],"about":[{"href":"https:\/\/www.pamies.eu\/ca\/wp-json\/wp\/v2\/types\/page"}],"author":[{"embeddable":true,"href":"https:\/\/www.pamies.eu\/ca\/wp-json\/wp\/v2\/users\/1"}],"replies":[{"embeddable":true,"href":"https:\/\/www.pamies.eu\/ca\/wp-json\/wp\/v2\/comments?post=2469"}],"version-history":[{"count":2,"href":"https:\/\/www.pamies.eu\/ca\/wp-json\/wp\/v2\/pages\/2469\/revisions"}],"predecessor-version":[{"id":2521,"href":"https:\/\/www.pamies.eu\/ca\/wp-json\/wp\/v2\/pages\/2469\/revisions\/2521"}],"wp:attachment":[{"href":"https:\/\/www.pamies.eu\/ca\/wp-json\/wp\/v2\/media?parent=2469"}],"curies":[{"name":"wp","href":"https:\/\/api.w.org\/{rel}","templated":true}]}}